{"id":10,"date":"2020-05-05T02:13:32","date_gmt":"2020-05-05T02:13:32","guid":{"rendered":"https:\/\/dazzacalefaccion.com\/?page_id=10"},"modified":"2020-05-14T13:33:18","modified_gmt":"2020-05-14T13:33:18","slug":"home","status":"publish","type":"page","link":"https:\/\/dazzacalefaccion.com\/","title":{"rendered":"Home"},"content":{"rendered":"<div class=\"wpb-content-wrapper\">[vc_row fullwidth=\u00bbtrue\u00bb css=\u00bb.vc_custom_1589417525352{background-image: url(https:\/\/dazzacalefaccion.com\/wp-content\/uploads\/2020\/05\/slider-1_empresa-1.png?id=140) !important;background-position: center !important;background-repeat: no-repeat !important;background-size: cover !important;}\u00bb][vc_column][vc_empty_space height=\u00bb200&#8243;][\/vc_column][\/vc_row][vc_row fullwidth=\u00bbtrue\u00bb css=\u00bb.vc_custom_1588654599075{background-color: #ffffff !important;background-position: center !important;background-repeat: no-repeat !important;background-size: cover !important;}\u00bb][vc_column width=\u00bb1\/4&#8243;][vc_empty_space][vc_single_image image=\u00bb60&#8243; img_size=\u00bb250&#215;250&#8243; alignment=\u00bbcenter\u00bb][\/vc_column][vc_column width=\u00bb3\/4&#8243;][vc_empty_space][vc_empty_space][vc_column_text css=\u00bb.vc_custom_1588655159835{margin-bottom: 0px !important;}\u00bb]<span style=\"color: #ff0000;\">Dazza<\/span> es una empresa dedicada a la importaci\u00f3n y venta de gasodom\u00e9sticos.<\/p>\n<p>El equipamiento importado corresponde a dos \u00e1reas:<\/p>\n<p><span style=\"color: #ff0000;\">Agua caliente:<\/span> calentadores instant\u00e1neos de varias capacidades y de la m\u00e1s alta tecnolog\u00eda.<\/p>\n<p><span style=\"color: #ff0000;\">Calefacci\u00f3n:<\/span> calderas de calefacci\u00f3n doble servicio, de uso dom\u00e9stico, de los m\u00e1s altos est\u00e1ndares de calidad en el mundo. Tambi\u00e9n ofrecemos otros productos como radiadores de calefacci\u00f3n y accesorios.<\/p>\n<p>La empresa est\u00e1 ubicada en una de las esquinas m\u00e1s visibles de Montevideo: <span style=\"color: #800000;\">Constituyente 2050 esq. Blanes.<\/span>[\/vc_column_text][vc_empty_space][\/vc_column][\/vc_row][vc_row fullwidth=\u00bbtrue\u00bb css=\u00bb.vc_custom_1588655306035{background-color: #e8e8e8 !important;background-position: center !important;background-repeat: no-repeat !important;background-size: cover !important;}\u00bb][vc_column width=\u00bb1\/4&#8243;][vc_empty_space][vc_empty_space][vc_single_image image=\u00bb61&#8243; img_size=\u00bb250&#215;250&#8243; alignment=\u00bbcenter\u00bb][vc_empty_space][\/vc_column][vc_column width=\u00bb3\/4&#8243;][vc_empty_space][vc_empty_space][vc_custom_heading text=\u00bbPRODUCTOS\u00bb font_container=\u00bbtag:h3|text_align:left|color:%23dd3333&#8243; use_theme_fonts=\u00bbyes\u00bb][vc_column_text css=\u00bb.vc_custom_1588655818685{margin-bottom: 0px !important;}\u00bb]<span style=\"color: #800000;\"><br \/>\n<span style=\"color: #000000;\">Nuestros Productos<\/span><br \/>\n<span style=\"color: #000000;\">Somos importadores de productos de agua caliente y calefacci\u00f3n que cubren todas las necesidades del hogar.<br \/>\nNuestros productos son de la m\u00e1s alta calidad con un gran respaldo.<br \/>\nLa innovaci\u00f3n orientada a brindarle la mayor seguridad y confort es nuestra prioridad.<\/span><\/span>[\/vc_column_text][\/vc_column][\/vc_row][vc_row fullwidth=\u00bbtrue\u00bb css=\u00bb.vc_custom_1588655708079{background-color: #cac8c8 !important;background-position: center !important;background-repeat: no-repeat !important;background-size: cover !important;}\u00bb][vc_column width=\u00bb1\/4&#8243;][vc_empty_space][vc_single_image image=\u00bb62&#8243; img_size=\u00bb250&#215;250&#8243; alignment=\u00bbcenter\u00bb][\/vc_column][vc_column width=\u00bb3\/4&#8243;][vc_empty_space][vc_custom_heading text=\u00bbSERVICIOS\u00bb font_container=\u00bbtag:h3|text_align:left|color:%23dd3333&#8243; use_theme_fonts=\u00bbyes\u00bb][vc_column_text css=\u00bb.vc_custom_1589463193176{margin-bottom: 0px !important;}\u00bb]<span style=\"color: #800000;\"><br \/>\n<\/span>Dazza ofrece servicios de asesoramiento, venta de equipos de agua caliente y calefacci\u00f3n, proyectos de sistemas integrales de calefacci\u00f3n, presupuesto sin compromiso de compra, env\u00edos al interior y asesoramiento t\u00e9cnico.[\/vc_column_text][vc_empty_space][\/vc_column][\/vc_row]\n<\/div>","protected":false},"excerpt":{"rendered":"<p>[vc_row fullwidth=\u00bbtrue\u00bb css=\u00bb.vc_custom_1589417525352{background-image: url(https:\/\/dazzacalefaccion.com\/wp-content\/uploads\/2020\/05\/slider-1_empresa-1.png?id=140) !important;background-position: center !important;background-repeat: no-repeat !important;background-size: cover !important;}\u00bb][vc_column][vc_empty_space height=\u00bb200&#8243;][\/vc_column][\/vc_row][vc_row fullwidth=\u00bbtrue\u00bb css=\u00bb.vc_custom_1588654599075{background-color: #ffffff !important;background-position: center !important;background-repeat: no-repeat !important;background-size: cover !important;}\u00bb][vc_column width=\u00bb1\/4&#8243;][vc_empty_space][vc_single_image image=\u00bb60&#8243; img_size=\u00bb250&#215;250&#8243; alignment=\u00bbcenter\u00bb][\/vc_column][vc_column width=\u00bb3\/4&#8243;][vc_empty_space][vc_empty_space][vc_column_text css=\u00bb.vc_custom_1588655159835{margin-bottom: 0px !important;}\u00bb]Dazza es una empresa dedicada a la importaci\u00f3n y venta de gasodom\u00e9sticos. El equipamiento importado corresponde a dos \u00e1reas: Agua caliente: calentadores instant\u00e1neos de varias capacidades [&hellip;]<\/p>\n","protected":false},"author":1,"featured_media":0,"parent":0,"menu_order":0,"comment_status":"closed","ping_status":"closed","template":"","meta":{"_acf_changed":false,"footnotes":"","_joinchat":[]},"acf":[],"_links":{"self":[{"href":"https:\/\/dazzacalefaccion.com\/index.php\/wp-json\/wp\/v2\/pages\/10"}],"collection":[{"href":"https:\/\/dazzacalefaccion.com\/index.php\/wp-json\/wp\/v2\/pages"}],"about":[{"href":"https:\/\/dazzacalefaccion.com\/index.php\/wp-json\/wp\/v2\/types\/page"}],"author":[{"embeddable":true,"href":"https:\/\/dazzacalefaccion.com\/index.php\/wp-json\/wp\/v2\/users\/1"}],"replies":[{"embeddable":true,"href":"https:\/\/dazzacalefaccion.com\/index.php\/wp-json\/wp\/v2\/comments?post=10"}],"version-history":[{"count":13,"href":"https:\/\/dazzacalefaccion.com\/index.php\/wp-json\/wp\/v2\/pages\/10\/revisions"}],"predecessor-version":[{"id":163,"href":"https:\/\/dazzacalefaccion.com\/index.php\/wp-json\/wp\/v2\/pages\/10\/revisions\/163"}],"wp:attachment":[{"href":"https:\/\/dazzacalefaccion.com\/index.php\/wp-json\/wp\/v2\/media?parent=10"}],"curies":[{"name":"wp","href":"https:\/\/api.w.org\/{rel}","templated":true}]}}